{"id":14864,"date":"2023-06-07T10:27:17","date_gmt":"2023-06-07T08:27:17","guid":{"rendered":"https:\/\/forpol.gs-crea.com\/?page_id=14864"},"modified":"2024-06-12T23:00:06","modified_gmt":"2024-06-12T21:00:06","slug":"oportunitats-de-carrera-en-la-industria","status":"publish","type":"page","link":"https:\/\/www.forpol.es\/ca\/oportunitats-de-carrera-en-la-industria\/","title":{"rendered":"OPORTUNITATS DE CARRERA EN LA IND\u00daSTRIA DE LA CONSTRUCCI\u00d3"},"content":{"rendered":"\t\t<div data-elementor-type=\"wp-page\" data-elementor-id=\"14864\" class=\"elementor elementor-14864 elementor-11531\" data-elementor-post-type=\"page\">\n\t\t\t\t<div class=\"elementor-element elementor-element-252a226 e-flex e-con-boxed e-con e-parent\" data-id=\"252a226\" data-element_type=\"container\" data-e-type=\"container\">\n\t\t\t\t\t<div class=\"e-con-inner\">\n\t\t\t\t<div class=\"elementor-element elementor-element-f7216da elementor-widget elementor-widget-image\" data-id=\"f7216da\" data-element_type=\"widget\" data-e-type=\"widget\" data-widget_type=\"image.default\">\n\t\t\t\t<div class=\"elementor-widget-container\">\n\t\t\t\t\t\t\t\t\t\t\t\t\t\t\t<img fetchpriority=\"high\" decoding=\"async\" width=\"1600\" height=\"530\" src=\"https:\/\/www.forpol.es\/wp-content\/uploads\/2024\/04\/Oportunidades-de-carrera-en-forpol.webp\" class=\"attachment-full size-full wp-image-14388\" alt=\"\" srcset=\"https:\/\/www.forpol.es\/wp-content\/uploads\/2024\/04\/Oportunidades-de-carrera-en-forpol.webp 1600w, https:\/\/www.forpol.es\/wp-content\/uploads\/2024\/04\/Oportunidades-de-carrera-en-forpol-500x166.webp 500w, https:\/\/www.forpol.es\/wp-content\/uploads\/2024\/04\/Oportunidades-de-carrera-en-forpol-1024x339.webp 1024w\" sizes=\"(max-width: 1600px) 100vw, 1600px\" \/>\t\t\t\t\t\t\t\t\t\t\t\t\t\t\t<\/div>\n\t\t\t\t<\/div>\n\t\t\t\t<div class=\"elementor-element elementor-element-101f072 elementor-widget elementor-widget-heading\" data-id=\"101f072\" data-element_type=\"widget\" data-e-type=\"widget\" data-widget_type=\"heading.default\">\n\t\t\t\t<div class=\"elementor-widget-container\">\n\t\t\t\t\t<h1 class=\"elementor-heading-title elementor-size-default\">OPORTUNITATS DE CARRERA EN LA IND\u00daSTRIA DE LA CONSTRUCCI\u00d3<\/h1>\t\t\t\t<\/div>\n\t\t\t\t<\/div>\n\t\t\t\t<div class=\"elementor-element elementor-element-49fcbded elementor-widget elementor-widget-text-editor\" data-id=\"49fcbded\" data-element_type=\"widget\" data-e-type=\"widget\" data-widget_type=\"text-editor.default\">\n\t\t\t\t<div class=\"elementor-widget-container\">\n\t\t\t\t\t\t\t\t\t<h2>SOBRE NOSALTRES<\/h2><p><strong>Forpol<\/strong> \u00e9s un l\u00edder reconegut en el sector de la construcci\u00f3, conegut per la nostra excel\u00b7l\u00e8ncia en enginyeria i construcci\u00f3. Estem en constant cerca de professionals aut\u00f2noms altament qualificats per unir-se al nostre equip i ajudar-nos a dur a terme projectes de construcci\u00f3 d&#8217;alta qualitat.<\/p><h2>OPORTUNITATS DE CARRERA A FORPOL<\/h2><h4>INGENIER INDUSTRIAL<\/h4><p><strong>Forpol<\/strong> est\u00e0 buscant enginyers industrials amb una s\u00f2lida formaci\u00f3 en enginyeria i experi\u00e8ncia en l&#8217;aplicaci\u00f3 de principis d&#8217;enginyeria en entorns de construcci\u00f3. Com a enginyer industrial a Forpol, tindr\u00e0s l&#8217;oportunitat de dissenyar, desenvolupar i millorar els nostres processos de construcci\u00f3.<\/p><h2>MUNTADORS<\/h2><p>A <strong>Forpol<\/strong>, estem buscant experts muntadors d&#8217;estructures i murs capa\u00e7os de transformar els pl\u00e0nols i especificacions d&#8217;un projecte en una realitat tangible. Com a muntador a Forpol, tindr\u00e0s l&#8217;oportunitat de treballar en una varietat de projectes desafiants i emocionants, utilitzant les teves habilitats i coneixements per crear estructures s\u00f2lides i segures. Valorem la precisi\u00f3, l&#8217;efici\u00e8ncia i un profund coneixement de les eines i t\u00e8cniques de muntatge. Si tens experi\u00e8ncia en muntatge i est\u00e0s buscant una oportunitat per demostrar la teva habilitat i cr\u00e9ixer professionalment, ens encantaria saber de tu.<\/p><h2>COORDINADOR DE PROJECTES<\/h2><p>A <strong>Forpol<\/strong>, busquem coordinadors de projectes amb habilitats excepcionals de comunicaci\u00f3 i organitzaci\u00f3. Com a coordinador de projectes, tindr\u00e0s la responsabilitat de supervisar els projectes de construcci\u00f3, coordinar entre els diferents rols en el projecte, i assegurar-te que els projectes es completen a temps i dins del pressupost.<\/p><h2>ARQUITECTE<\/h2><p><strong>Forpol<\/strong> est\u00e0 buscant arquitectes innovadors i detallistes per unir-se al nostre equip. Com a arquitecte a Forpol, treballar\u00e0s en estreta col\u00b7laboraci\u00f3 amb els nostres enginyers i muntadors per dissenyar i planificar projectes de construcci\u00f3 que compleixin amb les especificacions del projecte i les regulacions de construcci\u00f3.<\/p><h2>TREBALLAR A FORPOL<\/h2><p>A <strong>Forpol<\/strong>, treballem amb professionals aut\u00f2noms i oferim una remuneraci\u00f3 per projecte.<\/p><h2>POSTULA&#8217;T AVUI<\/h2><p>Si est\u00e0s interessat a unir-te al nostre equip, ens encantaria saber de tu. Pots contactar-nos a <a target=\"_new\" rel=\"noreferrer\">forpol@forpol.es<\/a>, trucar-nos al 977 881 287 o omplir el seg\u00fcent formulari.<\/p>\t\t\t\t\t\t\t\t<\/div>\n\t\t\t\t<\/div>\n\t\t\t\t<div class=\"elementor-element elementor-element-057dc40 elementor-button-align-stretch elementor-widget elementor-widget-form\" data-id=\"057dc40\" data-element_type=\"widget\" data-e-type=\"widget\" data-settings=\"{&quot;step_next_label&quot;:&quot;Next&quot;,&quot;step_previous_label&quot;:&quot;Previous&quot;,&quot;button_width&quot;:&quot;100&quot;,&quot;step_type&quot;:&quot;number_text&quot;,&quot;step_icon_shape&quot;:&quot;circle&quot;}\" data-widget_type=\"form.default\">\n\t\t\t\t<div class=\"elementor-widget-container\">\n\t\t\t\t\t\t\t<form class=\"elementor-form\" method=\"post\" name=\"New Form\" aria-label=\"New Form\">\n\t\t\t<input type=\"hidden\" name=\"post_id\" value=\"14864\"\/>\n\t\t\t<input type=\"hidden\" name=\"form_id\" value=\"057dc40\"\/>\n\t\t\t<input type=\"hidden\" name=\"referer_title\" value=\"Forpol\" \/>\n\n\t\t\t\n\t\t\t<div class=\"elementor-form-fields-wrapper elementor-labels-\">\n\t\t\t\t\t\t\t\t<div class=\"elementor-field-type-text elementor-field-group elementor-column elementor-field-group-name elementor-col-100 elementor-field-required\">\n\t\t\t\t\t\t\t\t\t\t\t\t<label for=\"form-field-name\" class=\"elementor-field-label elementor-screen-only\">\n\t\t\t\t\t\t\t\tNom\t\t\t\t\t\t\t<\/label>\n\t\t\t\t\t\t\t\t\t\t\t\t\t\t<input size=\"1\" type=\"text\" name=\"form_fields[name]\" id=\"form-field-name\" class=\"elementor-field elementor-size-sm  elementor-field-textual\" placeholder=\"Nom\" required=\"required\">\n\t\t\t\t\t\t\t\t\t\t\t<\/div>\n\t\t\t\t\t\t\t\t<div class=\"elementor-field-type-text elementor-field-group elementor-column elementor-field-group-email elementor-col-100 elementor-field-required\">\n\t\t\t\t\t\t\t\t\t\t\t\t<label for=\"form-field-email\" class=\"elementor-field-label elementor-screen-only\">\n\t\t\t\t\t\t\t\tCognoms\t\t\t\t\t\t\t<\/label>\n\t\t\t\t\t\t\t\t\t\t\t\t\t\t<input size=\"1\" type=\"text\" name=\"form_fields[email]\" id=\"form-field-email\" class=\"elementor-field elementor-size-sm  elementor-field-textual\" placeholder=\"Cognoms\" required=\"required\">\n\t\t\t\t\t\t\t\t\t\t\t<\/div>\n\t\t\t\t\t\t\t\t<div class=\"elementor-field-type-text elementor-field-group elementor-column elementor-field-group-field_7ee1fc0 elementor-col-100\">\n\t\t\t\t\t\t\t\t\t\t\t\t<label for=\"form-field-field_7ee1fc0\" class=\"elementor-field-label elementor-screen-only\">\n\t\t\t\t\t\t\t\tTel\u00e8fon\t\t\t\t\t\t\t<\/label>\n\t\t\t\t\t\t\t\t\t\t\t\t\t\t<input size=\"1\" type=\"text\" name=\"form_fields[field_7ee1fc0]\" id=\"form-field-field_7ee1fc0\" class=\"elementor-field elementor-size-sm  elementor-field-textual\" placeholder=\"Tel\u00e8fon\">\n\t\t\t\t\t\t\t\t\t\t\t<\/div>\n\t\t\t\t\t\t\t\t<div class=\"elementor-field-type-email elementor-field-group elementor-column elementor-field-group-field_f553465 elementor-col-100 elementor-field-required\">\n\t\t\t\t\t\t\t\t\t\t\t\t<label for=\"form-field-field_f553465\" class=\"elementor-field-label elementor-screen-only\">\n\t\t\t\t\t\t\t\tEmail\t\t\t\t\t\t\t<\/label>\n\t\t\t\t\t\t\t\t\t\t\t\t\t\t<input size=\"1\" type=\"email\" name=\"form_fields[field_f553465]\" id=\"form-field-field_f553465\" class=\"elementor-field elementor-size-sm  elementor-field-textual\" placeholder=\"Email\" required=\"required\">\n\t\t\t\t\t\t\t\t\t\t\t<\/div>\n\t\t\t\t\t\t\t\t<div class=\"elementor-field-type-select elementor-field-group elementor-column elementor-field-group-field_975d443 elementor-col-100 elementor-field-required\">\n\t\t\t\t\t\t\t\t\t\t\t\t<label for=\"form-field-field_975d443\" class=\"elementor-field-label elementor-screen-only\">\n\t\t\t\t\t\t\t\tEscollir\t\t\t\t\t\t\t<\/label>\n\t\t\t\t\t\t\t\t<div class=\"elementor-field elementor-select-wrapper remove-before \">\n\t\t\t<div class=\"select-caret-down-wrapper\">\n\t\t\t\t<i aria-hidden=\"true\" class=\"eicon-caret-down\"><\/i>\t\t\t<\/div>\n\t\t\t<select name=\"form_fields[field_975d443]\" id=\"form-field-field_975d443\" class=\"elementor-field-textual elementor-size-sm\" required=\"required\">\n\t\t\t\t\t\t\t\t\t<option value=\"\">Escollir<\/option>\n\t\t\t\t\t\t\t\t\t<option value=\"Enginyer industrial\">Enginyer industrial<\/option>\n\t\t\t\t\t\t\t\t\t<option value=\"Arquitecte\">Arquitecte<\/option>\n\t\t\t\t\t\t\t\t\t<option value=\"Arquitecte t\u00e8cnic\">Arquitecte t\u00e8cnic<\/option>\n\t\t\t\t\t\t\t\t\t<option value=\"Muntador\">Muntador<\/option>\n\t\t\t\t\t\t\t\t\t<option value=\"Un altre\">Un altre<\/option>\n\t\t\t\t\t\t\t<\/select>\n\t\t<\/div>\n\t\t\t\t\t\t<\/div>\n\t\t\t\t\t\t\t\t<div class=\"elementor-field-type-text elementor-field-group elementor-column elementor-field-group-field_7c5a972 elementor-col-100\">\n\t\t\t\t\t\t\t\t\t\t\t\t<label for=\"form-field-field_7c5a972\" class=\"elementor-field-label elementor-screen-only\">\n\t\t\t\t\t\t\t\tPoblaci\u00f3\t\t\t\t\t\t\t<\/label>\n\t\t\t\t\t\t\t\t\t\t\t\t\t\t<input size=\"1\" type=\"text\" name=\"form_fields[field_7c5a972]\" id=\"form-field-field_7c5a972\" class=\"elementor-field elementor-size-sm  elementor-field-textual\" placeholder=\"Poblaci\u00f3\">\n\t\t\t\t\t\t\t\t\t\t\t<\/div>\n\t\t\t\t\t\t\t\t<div class=\"elementor-field-type-textarea elementor-field-group elementor-column elementor-field-group-message elementor-col-100 elementor-field-required\">\n\t\t\t\t\t\t\t\t\t\t\t\t<label for=\"form-field-message\" class=\"elementor-field-label elementor-screen-only\">\n\t\t\t\t\t\t\t\tMissatge\t\t\t\t\t\t\t<\/label>\n\t\t\t\t\t\t<textarea class=\"elementor-field-textual elementor-field  elementor-size-sm\" name=\"form_fields[message]\" id=\"form-field-message\" rows=\"4\" placeholder=\"Missatge\" required=\"required\"><\/textarea>\t\t\t\t<\/div>\n\t\t\t\t\t\t\t\t<div class=\"elementor-field-type-text\">\n\t\t\t\t\t<input size=\"1\" type=\"text\" name=\"form_fields[field_c47b1e0]\" id=\"form-field-field_c47b1e0\" class=\"elementor-field elementor-size-sm \" style=\"display:none !important;\">\t\t\t\t<\/div>\n\t\t\t\t\t\t\t\t<div class=\"elementor-field-type-text\">\n\t\t\t\t\t<input size=\"1\" type=\"text\" name=\"form_fields[field_f2b646b]\" id=\"form-field-field_f2b646b\" class=\"elementor-field elementor-size-sm \" style=\"display:none !important;\">\t\t\t\t<\/div>\n\t\t\t\t\t\t\t\t<div class=\"elementor-field-type-text\">\n\t\t\t\t\t<input size=\"1\" type=\"text\" name=\"form_fields[field_c4c9c5a]\" id=\"form-field-field_c4c9c5a\" class=\"elementor-field elementor-size-sm \" style=\"display:none !important;\">\t\t\t\t<\/div>\n\t\t\t\t\t\t\t\t<div class=\"elementor-field-type-acceptance elementor-field-group elementor-column elementor-field-group-field_0d16d90 elementor-col-100 elementor-field-required\">\n\t\t\t\t\t\t\t\t\t\t\t\t<label for=\"form-field-field_0d16d90\" class=\"elementor-field-label elementor-screen-only\">\n\t\t\t\t\t\t\t\tAccepto la pol\u00edtica de privacitat\t\t\t\t\t\t\t<\/label>\n\t\t\t\t\t\t\t\t<div class=\"elementor-field-subgroup\">\n\t\t\t<span class=\"elementor-field-option\">\n\t\t\t\t<input type=\"checkbox\" name=\"form_fields[field_0d16d90]\" id=\"form-field-field_0d16d90\" class=\"elementor-field elementor-size-sm  elementor-acceptance-field\" required=\"required\">\n\t\t\t\t<label for=\"form-field-field_0d16d90\">Accepto la <a href=\"\/ca\/politica-de-privadesa\/\" target=\"_blank\">pol\u00edtica de privacitat<\/a><\/label>\t\t\t<\/span>\n\t\t<\/div>\n\t\t\t\t\t\t<\/div>\n\t\t\t\t\t\t\t\t<div class=\"elementor-field-type-recaptcha_v3 elementor-field-group elementor-column elementor-field-group-field_f1cdcef elementor-col-100 recaptcha_v3-bottomright\">\n\t\t\t\t\t<div class=\"elementor-field\" id=\"form-field-field_f1cdcef\"><div class=\"elementor-g-recaptcha\" data-sitekey=\"6LdPefcpAAAAAC_Tjou3t9Z2Mz5SZc5AILhxWg_K\" data-type=\"v3\" data-action=\"Form\" data-badge=\"bottomright\" data-size=\"invisible\"><\/div><\/div>\t\t\t\t<\/div>\n\t\t\t\t\t\t\t\t<div class=\"elementor-field-group elementor-column elementor-field-type-submit elementor-col-100 e-form__buttons\">\n\t\t\t\t\t<button class=\"elementor-button elementor-size-sm\" type=\"submit\">\n\t\t\t\t\t\t<span class=\"elementor-button-content-wrapper\">\n\t\t\t\t\t\t\t\t\t\t\t\t\t\t\t\t\t\t\t\t\t\t<span class=\"elementor-button-text\">Enviar<\/span>\n\t\t\t\t\t\t\t\t\t\t\t\t\t<\/span>\n\t\t\t\t\t<\/button>\n\t\t\t\t<\/div>\n\t\t\t<\/div>\n\t\t<\/form>\n\t\t\t\t\t\t<\/div>\n\t\t\t\t<\/div>\n\t\t\t\t\t<\/div>\n\t\t\t\t<\/div>\n\t\t\t\t<\/div>\n\t\t","protected":false},"excerpt":{"rendered":"<p>OPORTUNITATS DE CARRERA EN LA IND\u00daSTRIA DE LA CONSTRUCCI\u00d3 SOBRE NOSALTRES Forpol \u00e9s un l\u00edder reconegut en el sector de la construcci\u00f3, conegut per la nostra excel\u00b7l\u00e8ncia en enginyeria i construcci\u00f3. Estem en constant cerca de professionals aut\u00f2noms altament qualificats per unir-se al nostre equip i ajudar-nos a dur a terme projectes de construcci\u00f3 d&#8217;alta&#8230;<\/p>\n","protected":false},"author":1,"featured_media":11534,"parent":0,"menu_order":0,"comment_status":"closed","ping_status":"closed","template":"","meta":{"_acf_changed":false,"forpol_feed_naves_html":"","forpol_feed_precomur_html":"","forpol_feed_alveolar_html":"","forpol_feed_nichos_prefabricados_html":"","footnotes":""},"funcionalitat_-_pagines":[],"class_list":["post-14864","page","type-page","status-publish","has-post-thumbnail","hentry"],"acf":[],"yoast_head":"<!-- This site is optimized with the Yoast SEO Premium plugin v20.12 (Yoast SEO v27.5) - https:\/\/yoast.com\/product\/yoast-seo-premium-wordpress\/ -->\n<title>Oportunitats de Carrera | Forpol | Ind\u00fastria de la Construcci\u00f3<\/title>\n<meta name=\"description\" content=\"Oportunitats de carrera a Forpol en la construcci\u00f3: enginyer industrial, muntador, coordinador de projectes i arquitecte.\" \/>\n<meta name=\"robots\" content=\"index, follow, max-snippet:-1, max-image-preview:large, max-video-preview:-1\" \/>\n<link rel=\"canonical\" href=\"https:\/\/www.forpol.es\/ca\/oportunitats-de-carrera-en-la-industria\/\" \/>\n<meta property=\"og:locale\" content=\"ca_ES\" \/>\n<meta property=\"og:type\" content=\"article\" \/>\n<meta property=\"og:title\" content=\"OPORTUNITATS DE CARRERA EN LA IND\u00daSTRIA DE LA CONSTRUCCI\u00d3\" \/>\n<meta property=\"og:description\" content=\"Oportunitats de carrera a Forpol en la construcci\u00f3: enginyer industrial, muntador, coordinador de projectes i arquitecte.\" \/>\n<meta property=\"og:url\" content=\"https:\/\/www.forpol.es\/ca\/oportunitats-de-carrera-en-la-industria\/\" \/>\n<meta property=\"og:site_name\" content=\"Forpol\" \/>\n<meta property=\"article:publisher\" content=\"https:\/\/www.facebook.com\/forpolestructuras\/\" \/>\n<meta property=\"article:modified_time\" content=\"2024-06-12T21:00:06+00:00\" \/>\n<meta property=\"og:image\" content=\"https:\/\/www.forpol.es\/wp-content\/uploads\/2023\/06\/Captura.jpg\" \/>\n\t<meta property=\"og:image:width\" content=\"1812\" \/>\n\t<meta property=\"og:image:height\" content=\"1228\" \/>\n\t<meta property=\"og:image:type\" content=\"image\/jpeg\" \/>\n<meta name=\"twitter:card\" content=\"summary_large_image\" \/>\n<meta name=\"twitter:site\" content=\"@forpol2\" \/>\n<meta name=\"twitter:label1\" content=\"Temps estimat de lectura\" \/>\n\t<meta name=\"twitter:data1\" content=\"3 minuts\" \/>\n<!-- \/ Yoast SEO Premium plugin. -->","yoast_head_json":{"title":"Oportunitats de Carrera | Forpol | Ind\u00fastria de la Construcci\u00f3","description":"Oportunitats de carrera a Forpol en la construcci\u00f3: enginyer industrial, muntador, coordinador de projectes i arquitecte.","robots":{"index":"index","follow":"follow","max-snippet":"max-snippet:-1","max-image-preview":"max-image-preview:large","max-video-preview":"max-video-preview:-1"},"canonical":"https:\/\/www.forpol.es\/ca\/oportunitats-de-carrera-en-la-industria\/","og_locale":"ca_ES","og_type":"article","og_title":"OPORTUNITATS DE CARRERA EN LA IND\u00daSTRIA DE LA CONSTRUCCI\u00d3","og_description":"Oportunitats de carrera a Forpol en la construcci\u00f3: enginyer industrial, muntador, coordinador de projectes i arquitecte.","og_url":"https:\/\/www.forpol.es\/ca\/oportunitats-de-carrera-en-la-industria\/","og_site_name":"Forpol","article_publisher":"https:\/\/www.facebook.com\/forpolestructuras\/","article_modified_time":"2024-06-12T21:00:06+00:00","og_image":[{"width":1812,"height":1228,"url":"https:\/\/www.forpol.es\/wp-content\/uploads\/2023\/06\/Captura.jpg","type":"image\/jpeg"}],"twitter_card":"summary_large_image","twitter_site":"@forpol2","twitter_misc":{"Temps estimat de lectura":"3 minuts"},"schema":{"@context":"https:\/\/schema.org","@graph":[{"@type":"WebPage","@id":"https:\/\/www.forpol.es\/ca\/oportunitats-de-carrera-en-la-industria\/","url":"https:\/\/www.forpol.es\/ca\/oportunitats-de-carrera-en-la-industria\/","name":"Oportunitats de Carrera | Forpol | Ind\u00fastria de la Construcci\u00f3","isPartOf":{"@id":"https:\/\/www.forpol.es\/ca\/#website"},"primaryImageOfPage":{"@id":"https:\/\/www.forpol.es\/ca\/oportunitats-de-carrera-en-la-industria\/#primaryimage"},"image":{"@id":"https:\/\/www.forpol.es\/ca\/oportunitats-de-carrera-en-la-industria\/#primaryimage"},"thumbnailUrl":"https:\/\/www.forpol.es\/wp-content\/uploads\/2023\/06\/Captura.jpg","datePublished":"2023-06-07T08:27:17+00:00","dateModified":"2024-06-12T21:00:06+00:00","description":"Oportunitats de carrera a Forpol en la construcci\u00f3: enginyer industrial, muntador, coordinador de projectes i arquitecte.","breadcrumb":{"@id":"https:\/\/www.forpol.es\/ca\/oportunitats-de-carrera-en-la-industria\/#breadcrumb"},"inLanguage":"ca","potentialAction":[{"@type":"ReadAction","target":["https:\/\/www.forpol.es\/ca\/oportunitats-de-carrera-en-la-industria\/"]}]},{"@type":"ImageObject","inLanguage":"ca","@id":"https:\/\/www.forpol.es\/ca\/oportunitats-de-carrera-en-la-industria\/#primaryimage","url":"https:\/\/www.forpol.es\/wp-content\/uploads\/2023\/06\/Captura.jpg","contentUrl":"https:\/\/www.forpol.es\/wp-content\/uploads\/2023\/06\/Captura.jpg","width":1812,"height":1228,"caption":"Oportunidades de Carrera en Forpol"},{"@type":"BreadcrumbList","@id":"https:\/\/www.forpol.es\/ca\/oportunitats-de-carrera-en-la-industria\/#breadcrumb","itemListElement":[{"@type":"ListItem","position":1,"name":"Inici","item":"https:\/\/www.forpol.es\/ca\/inici\/"},{"@type":"ListItem","position":2,"name":"OPORTUNITATS DE CARRERA EN LA IND\u00daSTRIA DE LA CONSTRUCCI\u00d3"}]},{"@type":"WebSite","@id":"https:\/\/www.forpol.es\/ca\/#website","url":"https:\/\/www.forpol.es\/ca\/","name":"Forpol","description":"Prefabricats de formig\u00f3 i estructures prefabricades","publisher":{"@id":"https:\/\/www.forpol.es\/ca\/#organization"},"potentialAction":[{"@type":"SearchAction","target":{"@type":"EntryPoint","urlTemplate":"https:\/\/www.forpol.es\/ca\/?s={search_term_string}"},"query-input":{"@type":"PropertyValueSpecification","valueRequired":true,"valueName":"search_term_string"}}],"inLanguage":"ca"},{"@type":"Organization","@id":"https:\/\/www.forpol.es\/ca\/#organization","name":"Forpol Estructuras, S.L.","alternateName":"Forpol","url":"https:\/\/www.forpol.es\/ca\/","logo":{"@type":"ImageObject","inLanguage":"ca","@id":"https:\/\/www.forpol.es\/ca\/#\/schema\/logo\/image\/","url":"https:\/\/www.forpol.es\/wp-content\/uploads\/2021\/09\/LOGO-PNG-200x75-2-e1632825250267.png","contentUrl":"https:\/\/www.forpol.es\/wp-content\/uploads\/2021\/09\/LOGO-PNG-200x75-2-e1632825250267.png","width":90,"height":34,"caption":"Forpol Estructuras, S.L."},"image":{"@id":"https:\/\/www.forpol.es\/ca\/#\/schema\/logo\/image\/"},"sameAs":["https:\/\/www.facebook.com\/forpolestructuras\/","https:\/\/x.com\/forpol2","https:\/\/www.instagram.com\/forpol_estructuras\/"]}]}},"_links":{"self":[{"href":"https:\/\/www.forpol.es\/ca\/wp-json\/wp\/v2\/pages\/14864","targetHints":{"allow":["GET"]}}],"collection":[{"href":"https:\/\/www.forpol.es\/ca\/wp-json\/wp\/v2\/pages"}],"about":[{"href":"https:\/\/www.forpol.es\/ca\/wp-json\/wp\/v2\/types\/page"}],"author":[{"embeddable":true,"href":"https:\/\/www.forpol.es\/ca\/wp-json\/wp\/v2\/users\/1"}],"replies":[{"embeddable":true,"href":"https:\/\/www.forpol.es\/ca\/wp-json\/wp\/v2\/comments?post=14864"}],"version-history":[{"count":0,"href":"https:\/\/www.forpol.es\/ca\/wp-json\/wp\/v2\/pages\/14864\/revisions"}],"wp:featuredmedia":[{"embeddable":true,"href":"https:\/\/www.forpol.es\/ca\/wp-json\/wp\/v2\/media\/11534"}],"wp:attachment":[{"href":"https:\/\/www.forpol.es\/ca\/wp-json\/wp\/v2\/media?parent=14864"}],"wp:term":[{"taxonomy":"funcionalitat_-_pagines","embeddable":true,"href":"https:\/\/www.forpol.es\/ca\/wp-json\/wp\/v2\/funcionalitat_-_pagines?post=14864"}],"curies":[{"name":"wp","href":"https:\/\/api.w.org\/{rel}","templated":true}]}}